{"id":1656,"date":"2016-06-20T23:11:03","date_gmt":"2016-06-20T23:11:03","guid":{"rendered":"https:\/\/demo05.houzez.co\/?page_id=1656"},"modified":"2025-11-06T12:38:24","modified_gmt":"2025-11-06T17:38:24","slug":"nosotros","status":"publish","type":"page","link":"https:\/\/globalsinmobiliaria.com\/?page_id=1656","title":{"rendered":"Glogal Inmobiliaria"},"content":{"rendered":"\t\t<div data-elementor-type=\"wp-post\" data-elementor-id=\"1656\" class=\"elementor elementor-1656\" data-elementor-post-type=\"page\">\n\t\t\t\t\t\t<section class=\"elementor-section elementor-top-section elementor-element elementor-element-10995d7 elementor-section-boxed elementor-section-height-default elementor-section-height-default elementor-invisible\" data-id=\"10995d7\" data-element_type=\"section\" data-settings=\"{&quot;animation&quot;:&quot;fadeIn&quot;}\">\n\t\t\t\t\t\t<div class=\"elementor-container elementor-column-gap-default\">\n\t\t\t\t\t<div class=\"elementor-column elementor-col-100 elementor-top-column elementor-element elementor-element-a1e598a\" data-id=\"a1e598a\" data-element_type=\"column\">\n\t\t\t<div class=\"elementor-widget-wrap elementor-element-populated\">\n\t\t\t\t\t\t<div class=\"elementor-element elementor-element-c32c709 elementor-widget elementor-widget-houzez_elementor_space\" data-id=\"c32c709\" data-element_type=\"widget\" data-widget_type=\"houzez_elementor_space.default\">\n\t\t\t\t<div class=\"elementor-widget-container\">\n\t\t\t\t\t        <div class=\"houzez-spacer\">\n            <div class=\"houzez-spacer-inner\"><\/div>\n        <\/div>\n        \t\t\t\t<\/div>\n\t\t\t\t<\/div>\n\t\t\t\t\t<\/div>\n\t\t<\/div>\n\t\t\t\t\t<\/div>\n\t\t<\/section>\n\t\t\t\t<section class=\"elementor-section elementor-top-section elementor-element elementor-element-f5c023b elementor-section-stretched elementor-section-boxed elementor-section-height-default elementor-section-height-default elementor-invisible\" data-id=\"f5c023b\" data-element_type=\"section\" data-settings=\"{&quot;stretch_section&quot;:&quot;section-stretched&quot;,&quot;animation&quot;:&quot;fadeIn&quot;}\">\n\t\t\t\t\t\t<div class=\"elementor-container elementor-column-gap-default\">\n\t\t\t\t\t<div class=\"elementor-column elementor-col-100 elementor-top-column elementor-element elementor-element-3091428\" data-id=\"3091428\" data-element_type=\"column\">\n\t\t\t<div class=\"elementor-widget-wrap elementor-element-populated\">\n\t\t\t\t\t\t<div class=\"elementor-element elementor-element-731a2b1 animated-slow elementor-invisible elementor-widget elementor-widget-houzez_elementor_icon_box\" data-id=\"731a2b1\" data-element_type=\"widget\" data-settings=\"{&quot;_animation&quot;:&quot;fadeIn&quot;}\" data-widget_type=\"houzez_elementor_icon_box.default\">\n\t\t\t\t<div class=\"elementor-widget-container\">\n\t\t\t\t\t\n        <div class=\"text-with-icons-module row row-cols-1 row-cols-md-2 row-cols-lg-3 g-0\">\n            \n                    <div class=\"text-with-icon-item text-with-icon-item-v2\">\n                        <div class=\"d-flex\">\n                            <div class=\"houzez-icon icon-thumb\">\n                                <img decoding=\"async\" width=\"60\" height=\"60\" src=\"https:\/\/globalsinmobiliaria.com\/wp-content\/uploads\/2019\/03\/people.png\" class=\"attachment-thumbnail size-thumbnail\" alt=\"\" \/>                            <\/div><!-- icon-thumb -->\n                            <div class=\"text-with-icon-content-wrap flex-grow-1\">\n                                <div class=\"text-with-icon-info\">\n                                    <div class=\"text-with-icon-title\">\n                                        <strong>Arrendamientos<\/strong>\n                                    <\/div><!-- text-with-icon-title -->\n                                    <div class=\"text-with-icon-body\">\n                                        En Globals Inmobiliaria ofrecemos un servicio integral de arrendamientos enfocado en brindar seguridad, agilidad y confianza tanto a propietarios como a arrendatarios.\nNos encargamos de todo el proceso: desde la promoci\u00f3n del inmueble, la selecci\u00f3n y estudio del inquilino, la elaboraci\u00f3n del contrato, hasta el seguimiento mensual de pagos y mantenimiento del inmueble.\nNuestro compromiso es proteger la inversi\u00f3n del propietario y garantizar al arrendatario un espacio c\u00f3modo y adecuado para vivir o desarrollar su actividad comercial.                                    <\/div><!-- text-with-icon-body -->\n                                <\/div><!-- text-with-icon-info -->\n                                \n                                                                    <div class=\"text-with-icon-link\">\n                                    <a href=\"#\"  ><\/a>\n                                    <\/div>\n                                \n                            <\/div><!-- text-with-icon-content-wrap -->\n                        <\/div><!-- d-flex -->\n                    <\/div><!-- text-with-icon-item  -->\n\n            \n                    <div class=\"text-with-icon-item text-with-icon-item-v2\">\n                        <div class=\"d-flex\">\n                            <div class=\"houzez-icon icon-thumb\">\n                                <img decoding=\"async\" width=\"60\" height=\"60\" src=\"https:\/\/globalsinmobiliaria.com\/wp-content\/uploads\/2019\/03\/donut-chart-1.png\" class=\"attachment-thumbnail size-thumbnail\" alt=\"\" \/>                            <\/div><!-- icon-thumb -->\n                            <div class=\"text-with-icon-content-wrap flex-grow-1\">\n                                <div class=\"text-with-icon-info\">\n                                    <div class=\"text-with-icon-title\">\n                                        <strong>Ventas<\/strong>\n                                    <\/div><!-- text-with-icon-title -->\n                                    <div class=\"text-with-icon-body\">\n                                        Nuestro equipo de asesores especializados en ventas acompa\u00f1a a cada cliente durante todo el proceso de compra o venta de inmuebles residenciales y comerciales, brindando asesor\u00eda personalizada y estrategias de comercializaci\u00f3n efectivas.\nA trav\u00e9s de un an\u00e1lisis de mercado preciso, promoci\u00f3n digital profesional y acompa\u00f1amiento jur\u00eddico, garantizamos operaciones transparentes, seguras y rentables, cuidando siempre los intereses de nuestros clientes y asegurando resultados exitosos.                                    <\/div><!-- text-with-icon-body -->\n                                <\/div><!-- text-with-icon-info -->\n                                \n                                                                    <div class=\"text-with-icon-link\">\n                                    <a href=\"#\"  ><\/a>\n                                    <\/div>\n                                \n                            <\/div><!-- text-with-icon-content-wrap -->\n                        <\/div><!-- d-flex -->\n                    <\/div><!-- text-with-icon-item  -->\n\n            \n                    <div class=\"text-with-icon-item text-with-icon-item-v2\">\n                        <div class=\"d-flex\">\n                            <div class=\"houzez-icon icon-thumb\">\n                                <img decoding=\"async\" width=\"59\" height=\"60\" src=\"https:\/\/globalsinmobiliaria.com\/wp-content\/uploads\/2019\/03\/bar-chart-stats-up.png\" class=\"attachment-thumbnail size-thumbnail\" alt=\"\" \/>                            <\/div><!-- icon-thumb -->\n                            <div class=\"text-with-icon-content-wrap flex-grow-1\">\n                                <div class=\"text-with-icon-info\">\n                                    <div class=\"text-with-icon-title\">\n                                        <strong>Aval\u00faos<\/strong>\n                                    <\/div><!-- text-with-icon-title -->\n                                    <div class=\"text-with-icon-body\">\n                                        Contamos con profesionales capacitados para la realizaci\u00f3n de aval\u00faos inmobiliarios precisos y confiables, ajustados a las normas vigentes y a las condiciones reales del mercado.\nNuestros aval\u00faos est\u00e1n orientados a determinar el valor comercial, catastral o de renta de los inmuebles, con el fin de ofrecer a nuestros clientes una herramienta s\u00f3lida para la toma de decisiones financieras, comerciales o patrimoniales.\nEn Globals Inmobiliaria garantizamos transparencia, objetividad y respaldo t\u00e9cnico en cada dictamen emitido.                                    <\/div><!-- text-with-icon-body -->\n                                <\/div><!-- text-with-icon-info -->\n                                \n                                                                    <div class=\"text-with-icon-link\">\n                                    <a href=\"#\"  ><\/a>\n                                    <\/div>\n                                \n                            <\/div><!-- text-with-icon-content-wrap -->\n                        <\/div><!-- d-flex -->\n                    <\/div><!-- text-with-icon-item  -->\n\n                    <\/div>\n    \t\t\t\t<\/div>\n\t\t\t\t<\/div>\n\t\t\t\t<div class=\"elementor-element elementor-element-f2034c6 animated-slow elementor-invisible elementor-widget elementor-widget-houzez_elementor_section_title\" data-id=\"f2034c6\" data-element_type=\"widget\" data-settings=\"{&quot;_animation&quot;:&quot;fadeIn&quot;}\" data-widget_type=\"houzez_elementor_section_title.default\">\n\t\t\t\t<div class=\"elementor-widget-container\">\n\t\t\t\t\t            <div class=\"houzez_section_title_wrap section-title-module\">\n                                    <h2 class=\"houzez_section_title\">Nuestro equipo<\/h2>\n                \n                                    <p class=\"houzez_section_subtitle\">Agentes expertos en gesti\u00f3n inmobiliaria<\/p>\n                            <\/div>\n            \t\t\t\t<\/div>\n\t\t\t\t<\/div>\n\t\t\t\t<div class=\"elementor-element elementor-element-7797a96 elementor-widget elementor-widget-houzez_elementor_space\" data-id=\"7797a96\" data-element_type=\"widget\" data-widget_type=\"houzez_elementor_space.default\">\n\t\t\t\t<div class=\"elementor-widget-container\">\n\t\t\t\t\t        <div class=\"houzez-spacer\">\n            <div class=\"houzez-spacer-inner\"><\/div>\n        <\/div>\n        \t\t\t\t<\/div>\n\t\t\t\t<\/div>\n\t\t\t\t\t<\/div>\n\t\t<\/div>\n\t\t\t\t\t<\/div>\n\t\t<\/section>\n\t\t\t\t<section class=\"elementor-section elementor-top-section elementor-element elementor-element-1301ec8 elementor-section-stretched elementor-section-boxed elementor-section-height-default elementor-section-height-default elementor-invisible\" data-id=\"1301ec8\" data-element_type=\"section\" data-settings=\"{&quot;stretch_section&quot;:&quot;section-stretched&quot;,&quot;animation&quot;:&quot;fadeIn&quot;}\">\n\t\t\t\t\t\t<div class=\"elementor-container elementor-column-gap-default\">\n\t\t\t\t\t<div class=\"elementor-column elementor-col-33 elementor-top-column elementor-element elementor-element-71e5d26\" data-id=\"71e5d26\" data-element_type=\"column\">\n\t\t\t<div class=\"elementor-widget-wrap elementor-element-populated\">\n\t\t\t\t\t\t<div class=\"elementor-element elementor-element-876939c elementor-widget elementor-widget-houzez_elementor_team_member\" data-id=\"876939c\" data-element_type=\"widget\" data-widget_type=\"houzez_elementor_team_member.default\">\n\t\t\t\t<div class=\"elementor-widget-container\">\n\t\t\t\t\t\n            <div class=\"team-module hover-effect text-center\">\n\n                                <a href=\"#\" class=\"team-mobile-link top-0 start-0 w-100 h-100\"><\/a>\n                                \n                <img loading=\"lazy\" decoding=\"async\" width=\"640\" height=\"640\" src=\"https:\/\/globalsinmobiliaria.com\/wp-content\/uploads\/2025\/10\/admin.jpeg\" class=\"img-fluid\" alt=\"\" \/>\n                <!-- Team Content Before Hover -->\n                <div class=\"team-content-wrap team-content-wrap-before top-0 start-0 w-100 h-100\">\n                    <div class=\"team-content bottom-0 start-0 w-100 p-4\">\n                        <div class=\"team-name\">\n                            <strong>Wendy P\u00e9rez<\/strong>\n                        <\/div><!-- team-name -->\n                        <div class=\"team-title\">\n                            Asesora                        <\/div><!-- team-title -->\n                    <\/div><!-- team-content -->\n                <\/div><!-- team-content-wrap -->\n\n                <!-- Team Content After Hover -->\n                <div class=\"team-content-wrap team-content-wrap-after top-0 start-0 w-100 h-100\">\n                    <div class=\"team-content bottom-0 start-0 w-100 p-4\">\n                        <div class=\"team-name\">\n                            <strong>Wendy P\u00e9rez<\/strong>\n                        <\/div><!-- team-name -->\n                        <div class=\"team-title\">\n                            Asesora                        <\/div><!-- team-title -->\n                        <div class=\"team-description my-3\">\n                            <p>Intelligent, ambitious, energetic and proactive perfectionist. Working with Kathryn Wallace is a signature of success.<\/p>                        <\/div><!-- team-description -->\n\n                                                    <div class=\"team-social-wrap\">\n                                <ul class=\"team-social list-unstyled list-inline p-0 m-0\">\n                                    <li class=\"list-inline-item\">\n                        <a target=\"\" href=\"#\" class=\"btn-facebook\">\n                            <i class=\"houzez-icon icon-social-media-facebook\"><\/i>\n                        <\/a>\n                    <\/li><li class=\"list-inline-item\">\n                        <a target=\"\" href=\"#\" class=\"btn-twitter\">\n                            <i class=\"houzez-icon icon-x-logo-twitter-logo-2\"><\/i>\n                        <\/a>\n                    <\/li><li class=\"list-inline-item\">\n                        <a target=\"\" href=\"#\" class=\"btn-linkedin\">\n                            <i class=\"houzez-icon icon-professional-network-linkedin\"><\/i>\n                        <\/a>\n                    <\/li><li class=\"list-inline-item\">\n                        <a target=\"\" href=\"#\" class=\"btn-pinterest\">\n                            <i class=\"houzez-icon icon-social-pinterest\"><\/i>\n                        <\/a>\n                    <\/li>                                <\/ul>\n                            <\/div><!-- team-social-wrap -->    \n                            \n                    <\/div><!-- team-content -->\n                <\/div><!-- team-content-wrap -->\n\n            <\/div><!-- team-module -->\n\n            \t\t\t\t<\/div>\n\t\t\t\t<\/div>\n\t\t\t\t\t<\/div>\n\t\t<\/div>\n\t\t\t\t<div class=\"elementor-column elementor-col-33 elementor-top-column elementor-element elementor-element-81db26e\" data-id=\"81db26e\" data-element_type=\"column\">\n\t\t\t<div class=\"elementor-widget-wrap elementor-element-populated\">\n\t\t\t\t\t\t<div class=\"elementor-element elementor-element-ecc4afd elementor-widget elementor-widget-houzez_elementor_team_member\" data-id=\"ecc4afd\" data-element_type=\"widget\" data-widget_type=\"houzez_elementor_team_member.default\">\n\t\t\t\t<div class=\"elementor-widget-container\">\n\t\t\t\t\t\n            <div class=\"team-module hover-effect text-center\">\n\n                                <a href=\"#\" class=\"team-mobile-link top-0 start-0 w-100 h-100\"><\/a>\n                                \n                <img loading=\"lazy\" decoding=\"async\" width=\"640\" height=\"640\" src=\"https:\/\/globalsinmobiliaria.com\/wp-content\/uploads\/2025\/10\/JH.jpeg\" class=\"img-fluid\" alt=\"\" \/>\n                <!-- Team Content Before Hover -->\n                <div class=\"team-content-wrap team-content-wrap-before top-0 start-0 w-100 h-100\">\n                    <div class=\"team-content bottom-0 start-0 w-100 p-4\">\n                        <div class=\"team-name\">\n                            <strong>Javier Higuita<\/strong>\n                        <\/div><!-- team-name -->\n                        <div class=\"team-title\">\n                            Asesor                        <\/div><!-- team-title -->\n                    <\/div><!-- team-content -->\n                <\/div><!-- team-content-wrap -->\n\n                <!-- Team Content After Hover -->\n                <div class=\"team-content-wrap team-content-wrap-after top-0 start-0 w-100 h-100\">\n                    <div class=\"team-content bottom-0 start-0 w-100 p-4\">\n                        <div class=\"team-name\">\n                            <strong>Javier Higuita<\/strong>\n                        <\/div><!-- team-name -->\n                        <div class=\"team-title\">\n                            Asesor                        <\/div><!-- team-title -->\n                        <div class=\"team-description my-3\">\n                            <p>Intelligent, ambitious, energetic and proactive perfectionist. Working with Kathryn Wallace is a signature of success.<\/p>                        <\/div><!-- team-description -->\n\n                                                    <div class=\"team-social-wrap\">\n                                <ul class=\"team-social list-unstyled list-inline p-0 m-0\">\n                                    <li class=\"list-inline-item\">\n                        <a target=\"\" href=\"#\" class=\"btn-facebook\">\n                            <i class=\"houzez-icon icon-social-media-facebook\"><\/i>\n                        <\/a>\n                    <\/li><li class=\"list-inline-item\">\n                        <a target=\"\" href=\"#\" class=\"btn-twitter\">\n                            <i class=\"houzez-icon icon-x-logo-twitter-logo-2\"><\/i>\n                        <\/a>\n                    <\/li><li class=\"list-inline-item\">\n                        <a target=\"\" href=\"#\" class=\"btn-linkedin\">\n                            <i class=\"houzez-icon icon-professional-network-linkedin\"><\/i>\n                        <\/a>\n                    <\/li><li class=\"list-inline-item\">\n                        <a target=\"\" href=\"#\" class=\"btn-pinterest\">\n                            <i class=\"houzez-icon icon-social-pinterest\"><\/i>\n                        <\/a>\n                    <\/li>                                <\/ul>\n                            <\/div><!-- team-social-wrap -->    \n                            \n                    <\/div><!-- team-content -->\n                <\/div><!-- team-content-wrap -->\n\n            <\/div><!-- team-module -->\n\n            \t\t\t\t<\/div>\n\t\t\t\t<\/div>\n\t\t\t\t\t<\/div>\n\t\t<\/div>\n\t\t\t\t<div class=\"elementor-column elementor-col-33 elementor-top-column elementor-element elementor-element-52134c7\" data-id=\"52134c7\" data-element_type=\"column\">\n\t\t\t<div class=\"elementor-widget-wrap elementor-element-populated\">\n\t\t\t\t\t\t<div class=\"elementor-element elementor-element-9a6ce04 elementor-widget elementor-widget-houzez_elementor_team_member\" data-id=\"9a6ce04\" data-element_type=\"widget\" data-widget_type=\"houzez_elementor_team_member.default\">\n\t\t\t\t<div class=\"elementor-widget-container\">\n\t\t\t\t\t\n            <div class=\"team-module hover-effect text-center\">\n\n                                <a href=\"#\" class=\"team-mobile-link top-0 start-0 w-100 h-100\"><\/a>\n                                \n                <img loading=\"lazy\" decoding=\"async\" width=\"640\" height=\"640\" src=\"https:\/\/globalsinmobiliaria.com\/wp-content\/uploads\/2025\/10\/YM.jpeg\" class=\"img-fluid\" alt=\"\" \/>\n                <!-- Team Content Before Hover -->\n                <div class=\"team-content-wrap team-content-wrap-before top-0 start-0 w-100 h-100\">\n                    <div class=\"team-content bottom-0 start-0 w-100 p-4\">\n                        <div class=\"team-name\">\n                            <strong>Yeison Mac\u00edas<\/strong>\n                        <\/div><!-- team-name -->\n                        <div class=\"team-title\">\n                            Asesor                        <\/div><!-- team-title -->\n                    <\/div><!-- team-content -->\n                <\/div><!-- team-content-wrap -->\n\n                <!-- Team Content After Hover -->\n                <div class=\"team-content-wrap team-content-wrap-after top-0 start-0 w-100 h-100\">\n                    <div class=\"team-content bottom-0 start-0 w-100 p-4\">\n                        <div class=\"team-name\">\n                            <strong>Yeison Mac\u00edas<\/strong>\n                        <\/div><!-- team-name -->\n                        <div class=\"team-title\">\n                            Asesor                        <\/div><!-- team-title -->\n                        <div class=\"team-description my-3\">\n                            <p>Intelligent, ambitious, energetic and proactive perfectionist. Working with Kathryn Wallace is a signature of success.<\/p>                        <\/div><!-- team-description -->\n\n                                                    <div class=\"team-social-wrap\">\n                                <ul class=\"team-social list-unstyled list-inline p-0 m-0\">\n                                    <li class=\"list-inline-item\">\n                        <a target=\"\" href=\"#\" class=\"btn-facebook\">\n                            <i class=\"houzez-icon icon-social-media-facebook\"><\/i>\n                        <\/a>\n                    <\/li><li class=\"list-inline-item\">\n                        <a target=\"\" href=\"#\" class=\"btn-twitter\">\n                            <i class=\"houzez-icon icon-x-logo-twitter-logo-2\"><\/i>\n                        <\/a>\n                    <\/li><li class=\"list-inline-item\">\n                        <a target=\"\" href=\"#\" class=\"btn-linkedin\">\n                            <i class=\"houzez-icon icon-professional-network-linkedin\"><\/i>\n                        <\/a>\n                    <\/li><li class=\"list-inline-item\">\n                        <a target=\"\" href=\"#\" class=\"btn-pinterest\">\n                            <i class=\"houzez-icon icon-social-pinterest\"><\/i>\n                        <\/a>\n                    <\/li>                                <\/ul>\n                            <\/div><!-- team-social-wrap -->    \n                            \n                    <\/div><!-- team-content -->\n                <\/div><!-- team-content-wrap -->\n\n            <\/div><!-- team-module -->\n\n            \t\t\t\t<\/div>\n\t\t\t\t<\/div>\n\t\t\t\t\t<\/div>\n\t\t<\/div>\n\t\t\t\t\t<\/div>\n\t\t<\/section>\n\t\t\t\t<\/div>\n\t\t","protected":false},"excerpt":{"rendered":"<p>Arrendamientos En Globals Inmobiliaria ofrecemos un servicio integral de arrendamientos enfocado en brindar seguridad, agilidad y confianza tanto a propietarios como a arrendatarios. Nos encargamos de todo el proceso: desde la promoci\u00f3n del inmueble, la selecci\u00f3n y estudio del inquilino, la elaboraci\u00f3n del contrato, hasta el seguimiento mensual de pagos y mantenimiento del inmueble. Nuestro [&hellip;]<\/p>\n","protected":false},"author":2,"featured_media":0,"parent":0,"menu_order":0,"comment_status":"closed","ping_status":"closed","template":"elementor_header_footer","meta":{"footnotes":""},"class_list":["post-1656","page","type-page","status-publish","hentry"],"_links":{"self":[{"href":"https:\/\/globalsinmobiliaria.com\/index.php?rest_route=\/wp\/v2\/pages\/1656","targetHints":{"allow":["GET"]}}],"collection":[{"href":"https:\/\/globalsinmobiliaria.com\/index.php?rest_route=\/wp\/v2\/pages"}],"about":[{"href":"https:\/\/globalsinmobiliaria.com\/index.php?rest_route=\/wp\/v2\/types\/page"}],"author":[{"embeddable":true,"href":"https:\/\/globalsinmobiliaria.com\/index.php?rest_route=\/wp\/v2\/users\/2"}],"replies":[{"embeddable":true,"href":"https:\/\/globalsinmobiliaria.com\/index.php?rest_route=%2Fwp%2Fv2%2Fcomments&post=1656"}],"version-history":[{"count":26,"href":"https:\/\/globalsinmobiliaria.com\/index.php?rest_route=\/wp\/v2\/pages\/1656\/revisions"}],"predecessor-version":[{"id":4848,"href":"https:\/\/globalsinmobiliaria.com\/index.php?rest_route=\/wp\/v2\/pages\/1656\/revisions\/4848"}],"wp:attachment":[{"href":"https:\/\/globalsinmobiliaria.com\/index.php?rest_route=%2Fwp%2Fv2%2Fmedia&parent=1656"}],"curies":[{"name":"wp","href":"https:\/\/api.w.org\/{rel}","templated":true}]}}